{"id":63,"date":"2024-04-22T05:33:49","date_gmt":"2024-04-22T05:33:49","guid":{"rendered":"https:\/\/bruno-kardiologie.de\/?page_id=63"},"modified":"2024-11-07T15:21:35","modified_gmt":"2024-11-07T15:21:35","slug":"leistungsspektrum","status":"publish","type":"page","link":"https:\/\/bruno-kardiologie.de\/?page_id=63","title":{"rendered":"Leistungsspektrum"},"content":{"rendered":"\n<p>Die Praxis verf\u00fcgt \u00fcber eine <strong>hochmoderne<\/strong> und <strong>leistungsstarke<\/strong> medizintechnische Ausstattung:<\/p>\n\n\n\n<ul class=\"wp-block-list\">\n<li>EKG<\/li>\n\n\n\n<li>Belastungs-EKG<\/li>\n\n\n\n<li>Langzeit-EKG (bis zu 7 Tage)<\/li>\n\n\n\n<li>Langzeit-Blutdruckmessung (ohne Blutdruckmanschette!)<\/li>\n\n\n\n<li>Echokardiographie<\/li>\n\n\n\n<li>Gef\u00e4\u00dfultraschall<\/li>\n\n\n\n<li>Schilddr\u00fcsen-Ultraschall<\/li>\n\n\n\n<li>Abdomen-Ultraschall<\/li>\n\n\n\n<li>Lungenfunktionspr\u00fcfung<\/li>\n\n\n\n<li>Spiroergometrie<\/li>\n\n\n\n<li>Messung der Gef\u00e4\u00dfsteifigkeit mit Pulswellenanalyse<\/li>\n\n\n\n<li>ABI-Messung zur Fr\u00fcherkennung einer Durchblutungsst\u00f6rung der Arterien<\/li>\n\n\n\n<li>Ern\u00e4hrungsberatung<\/li>\n\n\n\n<li>Sportberatung<\/li>\n\n\n\n<li>\u00c4rztliche Zweitmeinung<\/li>\n\n\n\n<li>Kardiologische und lipidologische Gutachten<\/li>\n<\/ul>\n\n\n\n<p>Zus\u00e4tzlich zu diesen Standard-Leistungen biete ich <strong>Kompetenz <\/strong>in folgenden Bereichen an:<\/p>\n\n\n\n<hr class=\"wp-block-separator has-alpha-channel-opacity\"\/>\n\n\n\n<div class=\"wp-block-columns is-layout-flex wp-container-core-columns-is-layout-1 wp-block-columns-is-layout-flex\">\n<div class=\"wp-block-column is-layout-flow wp-block-column-is-layout-flow\">\n<div class=\"wp-block-buttons is-layout-flex wp-block-buttons-is-layout-flex\">\n<div class=\"wp-block-button\"><a class=\"wp-block-button__link wp-element-button\" href=\"https:\/\/bruno-kardiologie.de\/?page_id=113\">Fettstoffwechsel      (Lipidologie)<\/a><\/div>\n<\/div>\n<\/div>\n\n\n\n<div class=\"wp-block-column is-layout-flow wp-block-column-is-layout-flow\">\n<div class=\"wp-block-buttons is-layout-flex wp-block-buttons-is-layout-flex\">\n<div class=\"wp-block-button\"><a class=\"wp-block-button__link wp-element-button\" href=\"https:\/\/bruno-kardiologie.de\/?page_id=110\">Bluthochdruck (Hypertensiologie)<\/a><\/div>\n<\/div>\n<\/div>\n\n\n\n<div class=\"wp-block-column is-layout-flow wp-block-column-is-layout-flow\">\n<div class=\"wp-block-buttons is-layout-flex wp-block-buttons-is-layout-flex\">\n<div class=\"wp-block-button\"><a class=\"wp-block-button__link wp-element-button\" href=\"https:\/\/bruno-kardiologie.de\/?page_id=44\">Sportkardiologie<\/a><\/div>\n<\/div>\n<\/div>\n<\/div>\n\n\n\n<div class=\"wp-block-buttons is-layout-flex wp-block-buttons-is-layout-flex\"><\/div>\n\n\n\n<div class=\"wp-block-columns is-layout-flex wp-container-core-columns-is-layout-2 wp-block-columns-is-layout-flex\">\n<div class=\"wp-block-column is-layout-flow wp-block-column-is-layout-flow\">\n<div class=\"wp-block-buttons is-layout-flex wp-block-buttons-is-layout-flex\">\n<div class=\"wp-block-button\"><a class=\"wp-block-button__link wp-element-button\" href=\"https:\/\/bruno-kardiologie.de\/?page_id=37\">Schlafmedizin<\/a><\/div>\n<\/div>\n<\/div>\n\n\n\n<div class=\"wp-block-column is-layout-flow wp-block-column-is-layout-flow\">\n<div class=\"wp-block-buttons is-layout-flex wp-block-buttons-is-layout-flex\">\n<div class=\"wp-block-button\"><a class=\"wp-block-button__link wp-element-button\" href=\"https:\/\/bruno-kardiologie.de\/?page_id=42\">Kardio-Onkologie               (Herz und Krebs)<\/a><\/div>\n<\/div>\n<\/div>\n\n\n\n<div class=\"wp-block-column is-layout-flow wp-block-column-is-layout-flow\">\n<div class=\"wp-block-buttons is-layout-flex wp-block-buttons-is-layout-flex\">\n<div class=\"wp-block-button\"><a class=\"wp-block-button__link wp-element-button\" href=\"https:\/\/bruno-kardiologie.de\/?page_id=53\">Herztransplantationsnachsorge<\/a><\/div>\n<\/div>\n<\/div>\n<\/div>\n","protected":false},"excerpt":{"rendered":"<p>Die Praxis verf\u00fcgt \u00fcber eine hochmoderne und leistungsstarke medizintechnische Ausstattung: Zus\u00e4tzlich zu diesen Standard-Leistungen biete ich Kompetenz in folgenden Bereichen an:<\/p>\n","protected":false},"author":1,"featured_media":0,"parent":0,"menu_order":0,"comment_status":"closed","ping_status":"closed","template":"","meta":{"footnotes":""},"class_list":["post-63","page","type-page","status-publish","czr-hentry"],"_links":{"self":[{"href":"https:\/\/bruno-kardiologie.de\/index.php?rest_route=\/wp\/v2\/pages\/63"}],"collection":[{"href":"https:\/\/bruno-kardiologie.de\/index.php?rest_route=\/wp\/v2\/pages"}],"about":[{"href":"https:\/\/bruno-kardiologie.de\/index.php?rest_route=\/wp\/v2\/types\/page"}],"author":[{"embeddable":true,"href":"https:\/\/bruno-kardiologie.de\/index.php?rest_route=\/wp\/v2\/users\/1"}],"replies":[{"embeddable":true,"href":"https:\/\/bruno-kardiologie.de\/index.php?rest_route=%2Fwp%2Fv2%2Fcomments&post=63"}],"version-history":[{"count":11,"href":"https:\/\/bruno-kardiologie.de\/index.php?rest_route=\/wp\/v2\/pages\/63\/revisions"}],"predecessor-version":[{"id":229,"href":"https:\/\/bruno-kardiologie.de\/index.php?rest_route=\/wp\/v2\/pages\/63\/revisions\/229"}],"wp:attachment":[{"href":"https:\/\/bruno-kardiologie.de\/index.php?rest_route=%2Fwp%2Fv2%2Fmedia&parent=63"}],"curies":[{"name":"wp","href":"https:\/\/api.w.org\/{rel}","templated":true}]}}