{"id":59,"date":"2024-04-22T05:23:10","date_gmt":"2024-04-22T05:23:10","guid":{"rendered":"https:\/\/bruno-kardiologie.de\/?page_id=59"},"modified":"2024-11-04T07:43:34","modified_gmt":"2024-11-04T07:43:34","slug":"anfahrt","status":"publish","type":"page","link":"https:\/\/bruno-kardiologie.de\/?page_id=59","title":{"rendered":"Anfahrt"},"content":{"rendered":"\n<p>Sie finden mich auf dem Ostwall in Krefeld (<a href=\"https:\/\/www.google.com\/maps\/place\/Kardiologie+PD+Dr.+Bruno\/@51.3366514,6.5616588,18.14z\/data=!4m6!3m5!1s0x47b8c938c8dba3ab:0xdedc739b25538e1!8m2!3d51.336731!4d6.5637691!16s%2Fg%2F11vz8cgh59?entry=ttu&#038;g_ep=EgoyMDI0MTAyOS4wIKXMDSoASAFQAw%3D%3D\">Google Maps<\/a>):<\/p>\n\n\n\n<figure class=\"wp-block-pullquote\"><blockquote><p><strong>Kardiologie Bruno<\/strong><br>Ostwall 238<br>47798 Krefeld<\/p><\/blockquote><\/figure>\n\n\n\n<p><strong>Parkm\u00f6glichkeiten <\/strong>stehen in bei der Handelskammer zur Verf\u00fcgung. Auch \u00fcber den \u00d6PNV ist die Praxis sehr gut zu erreichen (Haltestelle Krefeld-Nordwall).<\/p>\n","protected":false},"excerpt":{"rendered":"<p>Sie finden mich auf dem Ostwall in Krefeld (Google Maps): Kardiologie BrunoOstwall 23847798 Krefeld Parkm\u00f6glichkeiten stehen in bei der Handelskammer zur Verf\u00fcgung. Auch \u00fcber den \u00d6PNV ist die Praxis sehr [&hellip;]<\/p>\n","protected":false},"author":1,"featured_media":0,"parent":0,"menu_order":0,"comment_status":"closed","ping_status":"closed","template":"","meta":{"footnotes":""},"class_list":["post-59","page","type-page","status-publish","czr-hentry"],"_links":{"self":[{"href":"https:\/\/bruno-kardiologie.de\/index.php?rest_route=\/wp\/v2\/pages\/59"}],"collection":[{"href":"https:\/\/bruno-kardiologie.de\/index.php?rest_route=\/wp\/v2\/pages"}],"about":[{"href":"https:\/\/bruno-kardiologie.de\/index.php?rest_route=\/wp\/v2\/types\/page"}],"author":[{"embeddable":true,"href":"https:\/\/bruno-kardiologie.de\/index.php?rest_route=\/wp\/v2\/users\/1"}],"replies":[{"embeddable":true,"href":"https:\/\/bruno-kardiologie.de\/index.php?rest_route=%2Fwp%2Fv2%2Fcomments&post=59"}],"version-history":[{"count":3,"href":"https:\/\/bruno-kardiologie.de\/index.php?rest_route=\/wp\/v2\/pages\/59\/revisions"}],"predecessor-version":[{"id":221,"href":"https:\/\/bruno-kardiologie.de\/index.php?rest_route=\/wp\/v2\/pages\/59\/revisions\/221"}],"wp:attachment":[{"href":"https:\/\/bruno-kardiologie.de\/index.php?rest_route=%2Fwp%2Fv2%2Fmedia&parent=59"}],"curies":[{"name":"wp","href":"https:\/\/api.w.org\/{rel}","templated":true}]}}