{"id":53,"date":"2024-04-20T13:12:00","date_gmt":"2024-04-20T13:12:00","guid":{"rendered":"https:\/\/bruno-kardiologie.de\/?page_id=53"},"modified":"2024-04-22T08:44:53","modified_gmt":"2024-04-22T08:44:53","slug":"herztransplantation","status":"publish","type":"page","link":"https:\/\/bruno-kardiologie.de\/?page_id=53","title":{"rendered":"Herztransplantation"},"content":{"rendered":"\n<p>Die Versorgung von Patientinnen und Patienten vor und nach Herztransplantation ist f\u00fcr mich von herausragender Bedeutung. Die Herztransplantation ist seit langem das Therapieverfahren, f\u00fcr Patientinnen und Patienten mit einer Herzschw\u00e4che, die sich nicht oder nur unzureichend durch Medikamente oder andere Verfahren bessern l\u00e4sst. Das Universit\u00e4tsklinikum D\u00fcsseldorf ist seit Jahren das zweitgr\u00f6\u00dfte Herztransplantationszentrum Deutschlands.<\/p>\n\n\n\n<p>In meiner Zeit am Universit\u00e4tsklinikum D\u00fcsseldorf war ich \u00fcber zwei Jahre f\u00fcr den Bereich der <strong>Herzinsuffizienz und Transplantation<\/strong> zust\u00e4ndig. In dieser Zeit konnte ich in Zusammenarbeit mit der Selbsthilfe f\u00fcr Organtransplantation e.V. (<a href=\"https:\/\/www.selbsthilfe-organtransplantierter-nrw.de\/\">https:\/\/www.selbsthilfe-organtransplantierter-nrw.de\/<\/a>) viel f\u00fcr die Nachsorge nach Organtransplantation erreichen. Insbesondere auch die Einf\u00fchrung des \u201eLaufzettels\u201c zur Nachsorge und die vielen Arzt-Patienten-Seminare (<a href=\"https:\/\/www.youtube.com\/watch?v=g19MG6mrqQ0\">https:\/\/www.youtube.com\/watch?v=g19MG6mrqQ0<\/a> ) mit organtransplantierten Patientinnen und Patienten haben mir gro\u00dfe Freude bereitet.<\/p>\n\n\n\n<p>Am <strong>European Prevention Center<\/strong> verf\u00fcge ich als Leitender Arzt nun \u00fcber eine einmalige Infrastruktur, mit der alle notwendigen leitliniengerechten Nachsorgeuntersuchungen (Ausnahme: Myokardbiopsie) nach den modernsten wissenschaftlichen und technischen Standards erfolgen k\u00f6nnen. Sie \u201echecken\u201c morgens entspannt ein und wir k\u00fcmmern uns um den Rest. Die notwendigen Fach\u00e4rzte f\u00fcr z.B. Dermatologie kommen zu Ihnen und die Radiologie ist im selben Haus. Alles in Ruhe &#8211; und mit gr\u00f6\u00dfter Sorgfalt.<\/p>\n\n\n\n<p>Ich freue mich auf ein gemeinsames Gespr\u00e4ch mit Ihnen und stehe f\u00fcr R\u00fcckfragen gerne zur Verf\u00fcgung.<\/p>\n","protected":false},"excerpt":{"rendered":"<p>Die Versorgung von Patientinnen und Patienten vor und nach Herztransplantation ist f\u00fcr mich von herausragender Bedeutung. Die Herztransplantation ist seit langem das Therapieverfahren, f\u00fcr Patientinnen und Patienten mit einer Herzschw\u00e4che, [&hellip;]<\/p>\n","protected":false},"author":1,"featured_media":0,"parent":0,"menu_order":0,"comment_status":"closed","ping_status":"closed","template":"","meta":{"footnotes":""},"class_list":["post-53","page","type-page","status-publish","czr-hentry"],"_links":{"self":[{"href":"https:\/\/bruno-kardiologie.de\/index.php?rest_route=\/wp\/v2\/pages\/53"}],"collection":[{"href":"https:\/\/bruno-kardiologie.de\/index.php?rest_route=\/wp\/v2\/pages"}],"about":[{"href":"https:\/\/bruno-kardiologie.de\/index.php?rest_route=\/wp\/v2\/types\/page"}],"author":[{"embeddable":true,"href":"https:\/\/bruno-kardiologie.de\/index.php?rest_route=\/wp\/v2\/users\/1"}],"replies":[{"embeddable":true,"href":"https:\/\/bruno-kardiologie.de\/index.php?rest_route=%2Fwp%2Fv2%2Fcomments&post=53"}],"version-history":[{"count":3,"href":"https:\/\/bruno-kardiologie.de\/index.php?rest_route=\/wp\/v2\/pages\/53\/revisions"}],"predecessor-version":[{"id":123,"href":"https:\/\/bruno-kardiologie.de\/index.php?rest_route=\/wp\/v2\/pages\/53\/revisions\/123"}],"wp:attachment":[{"href":"https:\/\/bruno-kardiologie.de\/index.php?rest_route=%2Fwp%2Fv2%2Fmedia&parent=53"}],"curies":[{"name":"wp","href":"https:\/\/api.w.org\/{rel}","templated":true}]}}