{"id":44,"date":"2024-04-16T04:59:38","date_gmt":"2024-04-16T04:59:38","guid":{"rendered":"https:\/\/bruno-kardiologie.de\/?page_id=44"},"modified":"2025-03-19T09:31:05","modified_gmt":"2025-03-19T09:31:05","slug":"kardio-onkologie","status":"publish","type":"page","link":"https:\/\/bruno-kardiologie.de\/?page_id=44","title":{"rendered":"Sportkardiologie"},"content":{"rendered":"\n<div class=\"wp-block-media-text is-stacked-on-mobile\" style=\"grid-template-columns:26% auto\"><figure class=\"wp-block-media-text__media\"><img loading=\"lazy\" decoding=\"async\" width=\"886\" height=\"1024\" src=\"http:\/\/bruno-kardiologie.de\/wp-content\/uploads\/2024\/04\/DGK_SK-web-886x1024.png\" alt=\"\" class=\"wp-image-98 size-full\" srcset=\"https:\/\/bruno-kardiologie.de\/wp-content\/uploads\/2024\/04\/DGK_SK-web-886x1024.png 886w, https:\/\/bruno-kardiologie.de\/wp-content\/uploads\/2024\/04\/DGK_SK-web-260x300.png 260w, https:\/\/bruno-kardiologie.de\/wp-content\/uploads\/2024\/04\/DGK_SK-web-768x887.png 768w, https:\/\/bruno-kardiologie.de\/wp-content\/uploads\/2024\/04\/DGK_SK-web.png 990w\" sizes=\"(max-width: 886px) 100vw, 886px\" \/><\/figure><div class=\"wp-block-media-text__content\">\n<p><br>Als <strong>zertifizierter Sportkardiologe<\/strong> (DGK, Stufe 1) und Sportmediziner (\u00c4rztekammer Nordrhein) verbinde ich meine Leidenschaft f\u00fcr Sport mit meiner Expertise in der Kardiologie, um eine umfassende Betreuung f\u00fcr Athleten und sportlich aktive Menschen anzubieten.<\/p>\n\n\n\n<p>Die Sportkardiologie ist von entscheidender Bedeutung, da sie sich auf die spezifischen Anforderungen und Herausforderungen des sportlichen Lebensstils konzentriert. Durch eine gezielte Untersuchung und Betreuung k\u00f6nnen wir Risiken wie Herzrhythmusst\u00f6rungen, strukturelle Herzprobleme und die Optimierung der Leistungsf\u00e4higkeit fr\u00fchzeitig erkennen und behandeln. <\/p>\n\n\n\n<p>Mein Angebot umfasst nicht nur pr\u00e4ventive Untersuchungen und Diagnosen, sondern auch <strong>ma\u00dfgeschneiderte Trainingspl\u00e4ne<\/strong>, <strong>Ern\u00e4hrungsberatung <\/strong>und die <strong>Entwicklung von Strategien zur Leistungssteigerung<\/strong>, um Sportler dabei zu unterst\u00fctzen, ihre Ziele sicher und effektiv zu erreichen. Mit meiner Fachkompetenz und meinem Engagement stehe ich sportbegeisterten Menschen zur Seite, um ihre Gesundheit und Leistungsf\u00e4higkeit zu maximieren und ein aktives Leben in vollen Z\u00fcgen genie\u00dfen zu k\u00f6nnen.<\/p>\n<\/div><\/div>\n\n\n\n<figure class=\"wp-block-image size-large\"><img loading=\"lazy\" decoding=\"async\" width=\"1024\" height=\"797\" src=\"https:\/\/bruno-kardiologie.de\/wp-content\/uploads\/2025\/03\/1730969373096-1024x797.jpg\" alt=\"\" class=\"wp-image-248\" srcset=\"https:\/\/bruno-kardiologie.de\/wp-content\/uploads\/2025\/03\/1730969373096-1024x797.jpg 1024w, https:\/\/bruno-kardiologie.de\/wp-content\/uploads\/2025\/03\/1730969373096-300x233.jpg 300w, https:\/\/bruno-kardiologie.de\/wp-content\/uploads\/2025\/03\/1730969373096-768x597.jpg 768w, https:\/\/bruno-kardiologie.de\/wp-content\/uploads\/2025\/03\/1730969373096-1536x1195.jpg 1536w, https:\/\/bruno-kardiologie.de\/wp-content\/uploads\/2025\/03\/1730969373096-2048x1593.jpg 2048w\" sizes=\"(max-width: 1024px) 100vw, 1024px\" \/><\/figure>\n","protected":false},"excerpt":{"rendered":"<p>Als zertifizierter Sportkardiologe (DGK, Stufe 1) und Sportmediziner (\u00c4rztekammer Nordrhein) verbinde ich meine Leidenschaft f\u00fcr Sport mit meiner Expertise in der Kardiologie, um eine umfassende Betreuung f\u00fcr Athleten und sportlich [&hellip;]<\/p>\n","protected":false},"author":1,"featured_media":0,"parent":0,"menu_order":0,"comment_status":"closed","ping_status":"closed","template":"","meta":{"footnotes":""},"class_list":["post-44","page","type-page","status-publish","czr-hentry"],"_links":{"self":[{"href":"https:\/\/bruno-kardiologie.de\/index.php?rest_route=\/wp\/v2\/pages\/44"}],"collection":[{"href":"https:\/\/bruno-kardiologie.de\/index.php?rest_route=\/wp\/v2\/pages"}],"about":[{"href":"https:\/\/bruno-kardiologie.de\/index.php?rest_route=\/wp\/v2\/types\/page"}],"author":[{"embeddable":true,"href":"https:\/\/bruno-kardiologie.de\/index.php?rest_route=\/wp\/v2\/users\/1"}],"replies":[{"embeddable":true,"href":"https:\/\/bruno-kardiologie.de\/index.php?rest_route=%2Fwp%2Fv2%2Fcomments&post=44"}],"version-history":[{"count":6,"href":"https:\/\/bruno-kardiologie.de\/index.php?rest_route=\/wp\/v2\/pages\/44\/revisions"}],"predecessor-version":[{"id":250,"href":"https:\/\/bruno-kardiologie.de\/index.php?rest_route=\/wp\/v2\/pages\/44\/revisions\/250"}],"wp:attachment":[{"href":"https:\/\/bruno-kardiologie.de\/index.php?rest_route=%2Fwp%2Fv2%2Fmedia&parent=44"}],"curies":[{"name":"wp","href":"https:\/\/api.w.org\/{rel}","templated":true}]}}