{"id":42,"date":"2024-04-16T04:59:24","date_gmt":"2024-04-16T04:59:24","guid":{"rendered":"https:\/\/bruno-kardiologie.de\/?page_id=42"},"modified":"2024-04-22T07:50:06","modified_gmt":"2024-04-22T07:50:06","slug":"sportkardiologie","status":"publish","type":"page","link":"https:\/\/bruno-kardiologie.de\/?page_id=42","title":{"rendered":"Kardio-Onkologie"},"content":{"rendered":"\n<p><br>Kardio-Onkologie ist ein aufstrebendes medizinisches Fachgebiet, das sich mit den kardiovaskul\u00e4ren Auswirkungen der Krebstherapie befasst. Moderne Krebstherapien, insbesondere Chemotherapie und zielgerichtete Therapien, k\u00f6nnen potenziell sch\u00e4dliche Auswirkungen auf das Herz-Kreislauf-System haben. Diese Nebenwirkungen reichen von vor\u00fcbergehenden Herzrhythmusst\u00f6rungen bis hin zu schweren Herzsch\u00e4den wie Herzinsuffizienz und Herzinfarkt. Kardiovaskul\u00e4re Komplikationen k\u00f6nnen die Krebsbehandlung verz\u00f6gern oder unterbrechen und die Lebensqualit\u00e4t der Patienten beeintr\u00e4chtigen.<\/p>\n\n\n\n<p>Deshalb ist es f\u00fcr Patienten mit Krebs von lebenswichtiger Bedeutung, kardio-onkologisch betreut zu werden. Eine sorgf\u00e4ltige \u00dcberwachung und fr\u00fchzeitige Intervention bei kardiovaskul\u00e4ren Problemen w\u00e4hrend der Krebstherapie k\u00f6nnen schwerwiegende Komplikationen verhindern und die Behandlungseffektivit\u00e4t verbessern. Durch eine ganzheitliche Betreuung, die sowohl die Krebsbehandlung als auch die kardiovaskul\u00e4re Gesundheit des Patienten ber\u00fccksichtigt, k\u00f6nnen wir sicherstellen, dass Krebspatienten die bestm\u00f6gliche Behandlung erhalten, um ihre \u00dcberlebenschancen zu maximieren und ihre Lebensqualit\u00e4t zu erhalten.<\/p>\n","protected":false},"excerpt":{"rendered":"<p>Kardio-Onkologie ist ein aufstrebendes medizinisches Fachgebiet, das sich mit den kardiovaskul\u00e4ren Auswirkungen der Krebstherapie befasst. Moderne Krebstherapien, insbesondere Chemotherapie und zielgerichtete Therapien, k\u00f6nnen potenziell sch\u00e4dliche Auswirkungen auf das Herz-Kreislauf-System haben. [&hellip;]<\/p>\n","protected":false},"author":1,"featured_media":0,"parent":0,"menu_order":0,"comment_status":"closed","ping_status":"closed","template":"","meta":{"footnotes":""},"class_list":["post-42","page","type-page","status-publish","czr-hentry"],"_links":{"self":[{"href":"https:\/\/bruno-kardiologie.de\/index.php?rest_route=\/wp\/v2\/pages\/42"}],"collection":[{"href":"https:\/\/bruno-kardiologie.de\/index.php?rest_route=\/wp\/v2\/pages"}],"about":[{"href":"https:\/\/bruno-kardiologie.de\/index.php?rest_route=\/wp\/v2\/types\/page"}],"author":[{"embeddable":true,"href":"https:\/\/bruno-kardiologie.de\/index.php?rest_route=\/wp\/v2\/users\/1"}],"replies":[{"embeddable":true,"href":"https:\/\/bruno-kardiologie.de\/index.php?rest_route=%2Fwp%2Fv2%2Fcomments&post=42"}],"version-history":[{"count":2,"href":"https:\/\/bruno-kardiologie.de\/index.php?rest_route=\/wp\/v2\/pages\/42\/revisions"}],"predecessor-version":[{"id":103,"href":"https:\/\/bruno-kardiologie.de\/index.php?rest_route=\/wp\/v2\/pages\/42\/revisions\/103"}],"wp:attachment":[{"href":"https:\/\/bruno-kardiologie.de\/index.php?rest_route=%2Fwp%2Fv2%2Fmedia&parent=42"}],"curies":[{"name":"wp","href":"https:\/\/api.w.org\/{rel}","templated":true}]}}