{"id":37,"date":"2024-06-14T09:06:15","date_gmt":"2024-06-14T09:06:15","guid":{"rendered":"https:\/\/bruno-kardiologie.de\/?page_id=37"},"modified":"2024-08-22T09:22:19","modified_gmt":"2024-08-22T09:22:19","slug":"schlafmedizin","status":"publish","type":"page","link":"https:\/\/bruno-kardiologie.de\/?page_id=37","title":{"rendered":"Schlafmedizin"},"content":{"rendered":"\n<p>Durch meine Qualifikation als <strong>Spezialist f\u00fcr kardiovaskul\u00e4re Schlafmedizin<\/strong> (DGK, Stufe 3) bin ich Ihr Ansprechpartner f\u00fcr diesen essenziellen Bereich der Kardiologie. Die kardiovaskul\u00e4re Schlafmedizin besch\u00e4ftigt der sich mit der Wechselwirkung zwischen Schlafst\u00f6rungen und Herz-Kreislauf-Erkrankungen befasst. F\u00fcr Patienten ist sie von gro\u00dfer Bedeutung, da unbehandelte <strong>Schlafprobleme <\/strong>das <strong>Risiko <\/strong>f\u00fcr Herzkrankheiten, Schlaganfall und Bluthochdruck <strong>erh\u00f6hen <\/strong>k\u00f6nnen. Auch die <strong>Lebensqualit\u00e4t <\/strong>wird durch die Schlafst\u00f6rungen durch <strong>Tagesm\u00fcdigkeit, Abgeschlagenheit und Antriebslosigkei<\/strong>t entscheidend beeintr\u00e4chtigt. Mit meiner Zusatzqualifikation biete ich eine umfassende Diagnostik an, die eine gr\u00fcndliche Anamnese, die Durchf\u00fchrung von <strong>Polygraphien <\/strong>und eine nahtlose \u00dcberweisung in das sich im gleichen Haus befindende <strong>Schlaflabor <\/strong>umfasst. Durch diese <strong>ganzheitliche Herangehensweise<\/strong> erhalten Patienten eine individuelle Betreuung und effektive Behandlungsm\u00f6glichkeiten f\u00fcr ihre Schlafst\u00f6rungen, die sich positiv auf ihre Herzgesundheit auswirken k\u00f6nnen.<\/p>\n\n\n\n<figure class=\"wp-block-image size-full\"><img loading=\"lazy\" decoding=\"async\" width=\"555\" height=\"649\" src=\"https:\/\/bruno-kardiologie.de\/wp-content\/uploads\/2024\/06\/DGK_KVSM-1.png\" alt=\"\" class=\"wp-image-168\" srcset=\"https:\/\/bruno-kardiologie.de\/wp-content\/uploads\/2024\/06\/DGK_KVSM-1.png 555w, https:\/\/bruno-kardiologie.de\/wp-content\/uploads\/2024\/06\/DGK_KVSM-1-257x300.png 257w\" sizes=\"(max-width: 555px) 100vw, 555px\" \/><\/figure>\n","protected":false},"excerpt":{"rendered":"<p>Durch meine Qualifikation als Spezialist f\u00fcr kardiovaskul\u00e4re Schlafmedizin (DGK, Stufe 3) bin ich Ihr Ansprechpartner f\u00fcr diesen essenziellen Bereich der Kardiologie. Die kardiovaskul\u00e4re Schlafmedizin besch\u00e4ftigt der sich mit der Wechselwirkung [&hellip;]<\/p>\n","protected":false},"author":1,"featured_media":0,"parent":0,"menu_order":0,"comment_status":"closed","ping_status":"closed","template":"","meta":{"footnotes":""},"class_list":["post-37","page","type-page","status-publish","czr-hentry"],"_links":{"self":[{"href":"https:\/\/bruno-kardiologie.de\/index.php?rest_route=\/wp\/v2\/pages\/37"}],"collection":[{"href":"https:\/\/bruno-kardiologie.de\/index.php?rest_route=\/wp\/v2\/pages"}],"about":[{"href":"https:\/\/bruno-kardiologie.de\/index.php?rest_route=\/wp\/v2\/types\/page"}],"author":[{"embeddable":true,"href":"https:\/\/bruno-kardiologie.de\/index.php?rest_route=\/wp\/v2\/users\/1"}],"replies":[{"embeddable":true,"href":"https:\/\/bruno-kardiologie.de\/index.php?rest_route=%2Fwp%2Fv2%2Fcomments&post=37"}],"version-history":[{"count":3,"href":"https:\/\/bruno-kardiologie.de\/index.php?rest_route=\/wp\/v2\/pages\/37\/revisions"}],"predecessor-version":[{"id":208,"href":"https:\/\/bruno-kardiologie.de\/index.php?rest_route=\/wp\/v2\/pages\/37\/revisions\/208"}],"wp:attachment":[{"href":"https:\/\/bruno-kardiologie.de\/index.php?rest_route=%2Fwp%2Fv2%2Fmedia&parent=37"}],"curies":[{"name":"wp","href":"https:\/\/api.w.org\/{rel}","templated":true}]}}