{"id":33,"date":"2024-04-14T13:42:53","date_gmt":"2024-04-14T13:42:53","guid":{"rendered":"https:\/\/bruno-kardiologie.de\/?page_id=33"},"modified":"2024-11-28T08:38:40","modified_gmt":"2024-11-28T08:38:40","slug":"privatarztpraxis","status":"publish","type":"page","link":"https:\/\/bruno-kardiologie.de\/?page_id=33","title":{"rendered":"Privatarztpraxis"},"content":{"rendered":"\n<p>Die fach\u00e4rztliche <strong>Praxis &#8222;Kardiologie PD Dr. Raphael Bruno&#8220; <\/strong>ist privat\u00e4rztlich gef\u00fchrt und bietet Abrechnungen ausschlie\u00dflich \u00fcber <strong>private Krankenversicherungen<\/strong> oder Selbstzahler an. <\/p>\n\n\n\n<p><strong>!Die Praxis &#8222;Dr. Lorenzo Bruno&#8220; f\u00fcr die haus\u00e4rztliche Versorgung ist weiterhin f\u00fcr alle gesetzlichen und privaten Krankenkassen ge\u00f6ffnet!<\/strong><\/p>\n\n\n\n<p>Aufgrund fehlender Zulassung f\u00fcr gesetzliche Krankenkassenversicherungen (GKV) k\u00f6nnen wir leider keine Abrechnung mit der GKV vornehmen. Sie k\u00f6nnen Termine gerne telefonisch vereinbaren, per E-Mail kontaktieren oder direkt online buchen. <\/p>\n\n\n\n<p>Wir freuen uns darauf, Sie begr\u00fc\u00dfen zu d\u00fcrfen.<\/p>\n\n\n\n<p>Wir freuen uns auf Sie!<\/p>\n\n\n\n<p>Ihr Raphael R. Bruno<\/p>\n","protected":false},"excerpt":{"rendered":"<p>Die fach\u00e4rztliche Praxis &#8222;Kardiologie PD Dr. Raphael Bruno&#8220; ist privat\u00e4rztlich gef\u00fchrt und bietet Abrechnungen ausschlie\u00dflich \u00fcber private Krankenversicherungen oder Selbstzahler an. !Die Praxis &#8222;Dr. Lorenzo Bruno&#8220; f\u00fcr die haus\u00e4rztliche Versorgung [&hellip;]<\/p>\n","protected":false},"author":1,"featured_media":0,"parent":0,"menu_order":0,"comment_status":"closed","ping_status":"closed","template":"","meta":{"footnotes":""},"class_list":["post-33","page","type-page","status-publish","czr-hentry"],"_links":{"self":[{"href":"https:\/\/bruno-kardiologie.de\/index.php?rest_route=\/wp\/v2\/pages\/33"}],"collection":[{"href":"https:\/\/bruno-kardiologie.de\/index.php?rest_route=\/wp\/v2\/pages"}],"about":[{"href":"https:\/\/bruno-kardiologie.de\/index.php?rest_route=\/wp\/v2\/types\/page"}],"author":[{"embeddable":true,"href":"https:\/\/bruno-kardiologie.de\/index.php?rest_route=\/wp\/v2\/users\/1"}],"replies":[{"embeddable":true,"href":"https:\/\/bruno-kardiologie.de\/index.php?rest_route=%2Fwp%2Fv2%2Fcomments&post=33"}],"version-history":[{"count":8,"href":"https:\/\/bruno-kardiologie.de\/index.php?rest_route=\/wp\/v2\/pages\/33\/revisions"}],"predecessor-version":[{"id":234,"href":"https:\/\/bruno-kardiologie.de\/index.php?rest_route=\/wp\/v2\/pages\/33\/revisions\/234"}],"wp:attachment":[{"href":"https:\/\/bruno-kardiologie.de\/index.php?rest_route=%2Fwp%2Fv2%2Fmedia&parent=33"}],"curies":[{"name":"wp","href":"https:\/\/api.w.org\/{rel}","templated":true}]}}