{"id":110,"date":"2024-04-22T08:22:16","date_gmt":"2024-04-22T08:22:16","guid":{"rendered":"https:\/\/bruno-kardiologie.de\/?page_id=110"},"modified":"2024-04-22T08:22:16","modified_gmt":"2024-04-22T08:22:16","slug":"bluthochdruck","status":"publish","type":"page","link":"https:\/\/bruno-kardiologie.de\/?page_id=110","title":{"rendered":"Bluthochdruck"},"content":{"rendered":"\n<div class=\"wp-block-media-text is-stacked-on-mobile\"><figure class=\"wp-block-media-text__media\"><img loading=\"lazy\" decoding=\"async\" width=\"574\" height=\"323\" src=\"https:\/\/bruno-kardiologie.de\/wp-content\/uploads\/2024\/04\/csm_DHL-XXXXX-22-Logo-Hypertensiologe_002e80bad5.jpg\" alt=\"\" class=\"wp-image-111 size-full\" srcset=\"https:\/\/bruno-kardiologie.de\/wp-content\/uploads\/2024\/04\/csm_DHL-XXXXX-22-Logo-Hypertensiologe_002e80bad5.jpg 574w, https:\/\/bruno-kardiologie.de\/wp-content\/uploads\/2024\/04\/csm_DHL-XXXXX-22-Logo-Hypertensiologe_002e80bad5-300x169.jpg 300w, https:\/\/bruno-kardiologie.de\/wp-content\/uploads\/2024\/04\/csm_DHL-XXXXX-22-Logo-Hypertensiologe_002e80bad5-528x297.jpg 528w\" sizes=\"(max-width: 574px) 100vw, 574px\" \/><\/figure><div class=\"wp-block-media-text__content\">\n<p><br>Als <strong>Hypertensiologe (Spezialist f\u00fcr Bluthochdruck) <\/strong>bin ich spezialisiert auf die Diagnose, Behandlung und das Management von Bluthochdruck. Der Bluthochdruck ist eine der h\u00e4ufigsten und bedeutendsten kardiovaskul\u00e4ren Erkrankungen weltweit. Bluthochdruck ist ein <strong>Hauptrisikofaktor f\u00fcr eine Vielzahl von Herz-Kreislauf-Erkrankungen<\/strong> wie Schlaganfall, Herzinfarkt, Herzinsuffizienz und Nierenerkrankungen.<\/p>\n\n\n\n<p>Durch eine umfassende Evaluierung der Patienten, einschlie\u00dflich einer gr\u00fcndlichen Anamnese, Untersuchung und gegebenenfalls weiterf\u00fchrender diagnostischer Tests, kann ich nach der <strong>Ursache <\/strong>einer Hypertonie <strong>suchen <\/strong>(so genannte &#8222;sekund\u00e4re Hypertonie&#8220;), eine genaue Diagnose stellen und eine <strong>individuell angepasste Behandlungsstrategie <\/strong>entwickeln.<\/p>\n\n\n\n<p>Die <strong>kontinuierliche Betreuung <\/strong>von Patienten mit Bluthochdruck durch einen Hypertensiologen erm\u00f6glicht eine optimale Blutdruckkontrolle und reduziert das Risiko f\u00fcr kardiovaskul\u00e4re Ereignisse und Komplikationen.<\/p>\n<\/div><\/div>\n","protected":false},"excerpt":{"rendered":"<p>Als Hypertensiologe (Spezialist f\u00fcr Bluthochdruck) bin ich spezialisiert auf die Diagnose, Behandlung und das Management von Bluthochdruck. Der Bluthochdruck ist eine der h\u00e4ufigsten und bedeutendsten kardiovaskul\u00e4ren Erkrankungen weltweit. Bluthochdruck ist [&hellip;]<\/p>\n","protected":false},"author":1,"featured_media":0,"parent":0,"menu_order":0,"comment_status":"closed","ping_status":"closed","template":"","meta":{"footnotes":""},"class_list":["post-110","page","type-page","status-publish","czr-hentry"],"_links":{"self":[{"href":"https:\/\/bruno-kardiologie.de\/index.php?rest_route=\/wp\/v2\/pages\/110"}],"collection":[{"href":"https:\/\/bruno-kardiologie.de\/index.php?rest_route=\/wp\/v2\/pages"}],"about":[{"href":"https:\/\/bruno-kardiologie.de\/index.php?rest_route=\/wp\/v2\/types\/page"}],"author":[{"embeddable":true,"href":"https:\/\/bruno-kardiologie.de\/index.php?rest_route=\/wp\/v2\/users\/1"}],"replies":[{"embeddable":true,"href":"https:\/\/bruno-kardiologie.de\/index.php?rest_route=%2Fwp%2Fv2%2Fcomments&post=110"}],"version-history":[{"count":1,"href":"https:\/\/bruno-kardiologie.de\/index.php?rest_route=\/wp\/v2\/pages\/110\/revisions"}],"predecessor-version":[{"id":112,"href":"https:\/\/bruno-kardiologie.de\/index.php?rest_route=\/wp\/v2\/pages\/110\/revisions\/112"}],"wp:attachment":[{"href":"https:\/\/bruno-kardiologie.de\/index.php?rest_route=%2Fwp%2Fv2%2Fmedia&parent=110"}],"curies":[{"name":"wp","href":"https:\/\/api.w.org\/{rel}","templated":true}]}}