{"id":11,"date":"2024-04-14T08:55:10","date_gmt":"2024-04-14T08:55:10","guid":{"rendered":"https:\/\/bruno-kardiologie.de\/?page_id=11"},"modified":"2024-11-07T15:24:25","modified_gmt":"2024-11-07T15:24:25","slug":"ueber-mich","status":"publish","type":"page","link":"https:\/\/bruno-kardiologie.de\/?page_id=11","title":{"rendered":"\u00dcber mich"},"content":{"rendered":"\n<p>Seit Januar 2025 bin ich stolz in der <strong>Praxisgemeinschaft <\/strong>mit meinem Vater, <strong>Dr. Lorenzo Bruno<\/strong>, die Praxis &#8218;<strong>Kardiologie Bruno&#8216; in Krefeld<\/strong> er\u00f6ffnen zu d\u00fcrfen. Privat bin ich verheiratet und Vater von drei Kindern.<\/p>\n\n\n\n<p>Als Assistenzarzt wurde ich zuerst am <strong>Universit\u00e4tsklinikum N\u00fcrnberg<\/strong> und dann \u00fcber lange Jahre am <strong>Universit\u00e4tsklinikum D\u00fcsseldorf<\/strong> in der <strong>Nephrologie<\/strong>, sp\u00e4ter in der <strong>Kardiologie, Pneumologie und Angiologie <\/strong>internistisch ausgebildet. Seit 2018 bin ich als <strong>Notarzt <\/strong>t\u00e4tig. Bis 2024 war ich hier als <strong>verantwortlicher Oberarzt<\/strong> als Internist, Kardiologe, Notfall\u2013 und Intensivmediziner t\u00e4tig. Im Februar 2024 wurde ich zum <strong>Leitenden Arzt<\/strong> an das international renommierte <strong>European Prevention Center<\/strong> (Direktor: Professor Dr. med. Uwe Nixdorff) berufen.<\/p>\n\n\n\n<p>W\u00e4hrend meiner Ausbildung konnte ich zahlreiche <strong>Zusatzqualifikationen <\/strong>erwerben. Diese Qualifikationen umfassen die <strong>Herzinsuffizienz <\/strong>(Herzschw\u00e4che), <strong>Lipidologie<\/strong> (Spezialist f\u00fcr Fettstoffwechselst\u00f6rungen und Cholesterin), die <strong>Sportkardiologie<\/strong> (Stufe 1), die <strong>Hypertensiologie<\/strong> (Spezialist f\u00fcr Bluthochdruck)<strong> <\/strong>und die kardiovaskul\u00e4re <strong>Schlafmedizin<\/strong> (Stufe 3).<\/p>\n\n\n\n<p>Ein weiterer besonderer Schwerpunkt ist die Auswahl der f\u00fcr Sie am besten geeigneten und schonendsten diagnostischen Verfahren bei der Abkl\u00e4rung von Herzerkrankungen. Ich verf\u00fcge \u00fcber folgende Fachqualifikationen, um Patientinnen und Patienten individuell zu beraten:<\/p>\n\n\n\n<ul class=\"wp-block-list\">\n<li>Kardiologische Magnetresonanztomographie <strong>MRT <\/strong>(DGK, Stufe 1)<\/li>\n\n\n\n<li>Kardiologische Computertomographie <strong>CT <\/strong>(DGK, Stufe 1)<\/li>\n\n\n\n<li>Kardiologische <strong>Nuklearmedizin <\/strong>(ESC)<\/li>\n\n\n\n<li><strong>Echokardiographie<\/strong> (ESC)<\/li>\n<\/ul>\n\n\n\n<p>Im Februar 2024 erfolgte meine <strong>Habilitation <\/strong>an der Heinrich-Heine Universit\u00e4t D\u00fcsseldorf und die <em>venia legendi<\/em> f\u00fcr die <strong>Innere Medizin<\/strong>.<\/p>\n\n\n\n<p>Au\u00dferdem bilde ich seit \u00fcber 10 Jahren angehende \u00c4rztinnen und \u00c4rzte aus und bin <strong>offizieller Pr\u00fcfer<\/strong> f\u00fcr das Fach \u201e<strong>Innere Medizin<\/strong>\u201c im <strong>Staatsexamen <\/strong>\u201eHumanmedizin\u201c.<\/p>\n\n\n\n<figure class=\"wp-block-image size-large\"><img loading=\"lazy\" decoding=\"async\" width=\"1024\" height=\"797\" src=\"https:\/\/bruno-kardiologie.de\/wp-content\/uploads\/2024\/11\/1730969373452-1024x797.jpg\" alt=\"\" class=\"wp-image-231\" srcset=\"https:\/\/bruno-kardiologie.de\/wp-content\/uploads\/2024\/11\/1730969373452-1024x797.jpg 1024w, https:\/\/bruno-kardiologie.de\/wp-content\/uploads\/2024\/11\/1730969373452-300x233.jpg 300w, https:\/\/bruno-kardiologie.de\/wp-content\/uploads\/2024\/11\/1730969373452-768x597.jpg 768w, https:\/\/bruno-kardiologie.de\/wp-content\/uploads\/2024\/11\/1730969373452-1536x1195.jpg 1536w, https:\/\/bruno-kardiologie.de\/wp-content\/uploads\/2024\/11\/1730969373452-2048x1593.jpg 2048w\" sizes=\"(max-width: 1024px) 100vw, 1024px\" \/><\/figure>\n","protected":false},"excerpt":{"rendered":"<p>Seit Januar 2025 bin ich stolz in der Praxisgemeinschaft mit meinem Vater, Dr. Lorenzo Bruno, die Praxis &#8218;Kardiologie Bruno&#8216; in Krefeld er\u00f6ffnen zu d\u00fcrfen. Privat bin ich verheiratet und Vater [&hellip;]<\/p>\n","protected":false},"author":1,"featured_media":0,"parent":0,"menu_order":0,"comment_status":"closed","ping_status":"closed","template":"","meta":{"footnotes":""},"class_list":["post-11","page","type-page","status-publish","czr-hentry"],"_links":{"self":[{"href":"https:\/\/bruno-kardiologie.de\/index.php?rest_route=\/wp\/v2\/pages\/11"}],"collection":[{"href":"https:\/\/bruno-kardiologie.de\/index.php?rest_route=\/wp\/v2\/pages"}],"about":[{"href":"https:\/\/bruno-kardiologie.de\/index.php?rest_route=\/wp\/v2\/types\/page"}],"author":[{"embeddable":true,"href":"https:\/\/bruno-kardiologie.de\/index.php?rest_route=\/wp\/v2\/users\/1"}],"replies":[{"embeddable":true,"href":"https:\/\/bruno-kardiologie.de\/index.php?rest_route=%2Fwp%2Fv2%2Fcomments&post=11"}],"version-history":[{"count":10,"href":"https:\/\/bruno-kardiologie.de\/index.php?rest_route=\/wp\/v2\/pages\/11\/revisions"}],"predecessor-version":[{"id":233,"href":"https:\/\/bruno-kardiologie.de\/index.php?rest_route=\/wp\/v2\/pages\/11\/revisions\/233"}],"wp:attachment":[{"href":"https:\/\/bruno-kardiologie.de\/index.php?rest_route=%2Fwp%2Fv2%2Fmedia&parent=11"}],"curies":[{"name":"wp","href":"https:\/\/api.w.org\/{rel}","templated":true}]}}